{"id":129,"date":"2012-05-11T19:10:53","date_gmt":"2012-05-11T19:10:53","guid":{"rendered":"http:\/\/public.mediasimple.ca\/remax_papachristou\/?page_id=129"},"modified":"2012-10-23T15:47:36","modified_gmt":"2012-10-23T19:47:36","slug":"avec-un-courtier-immobilier-vous-etes-bien-protege","status":"publish","type":"page","link":"https:\/\/contactimmobilier.ca\/en\/vendre-2\/avec-un-courtier-immobilier-vous-etes-bien-protege\/","title":{"rendered":"Protection You Can Count On!"},"content":{"rendered":"<p>Doing business with a real estate agent means that you are protected by the law. The Real Estate Brokerage Act and various other organizations regulate the real estate agent profession so that consumers can expect fair and competent services. So, you know that you&#8217;ll be served by a highly qualified and well-trained professional.<\/p>\n<p><strong>Real Estate Brokerage Act<\/strong><br \/>\nThe main goal of the Real Estate Brokerage Act is to protect the public. To enforce this, the Act sets out specific rules relating to the brokerage contract for the sale of a house. They are similar to several of the regulations found in the Consumer Protection Act.<\/p>\n<p><strong>Association des courtiers et agents immobiliers du Qu\u00e9bec<\/strong><br \/>\nCreated by the Real Estate Brokerage Act, the Association des courtiers et agents immobiliers du Qu\u00e9bec (ACAIQ) is mandated to protect the public by regulating the professional activities of all real estate agents and brokers. It is responsible for administering the exam that leads to the practice certificate and it ensures that its members carry out their activities in compliance with current laws and regulations. For more information, visit <a href=\"http:\/\/www.acaiq.com?uc=0\" target=\"_blank\">www.acaiq.com<\/a>.<\/p>\n<p><strong>Fonds d&#8217;indemnisation du courtage immobilier<\/strong><br \/>\nEach agent contributes to the Fonds d&#8217;indemnisation du courtage immobilier. The Fonds d&#8217;indemnisation du courtage immobilier has the authority to compensate a consumer in the event that a problem arises during a transaction whether it relates to fraud, a dishonest transaction or the misappropriation of funds or other property. For more information, go to <a href=\"http:\/\/www.indemnisation.org\/en\/index.shtml?uc=0\" target=\"_blank\">www.indemnisation.org<\/a>.<\/p>\n<p><strong>Professional Liability Insurance<\/strong><br \/>\nReal estate brokers must hold professional liability insurance, which ensures that consumers have additional financial protection in cases of fault, error, negligence or omission. This insurance covers civil claims and civil proceedings.<\/p>\n<p>SOURCE: <a title=\"CENTRIS.CA\" href=\"http:\/\/www.centris.ca\" target=\"_blank\">CENTRIS.CA<\/a><\/p>","protected":false},"excerpt":{"rendered":"<p>Doing business with a real estate agent means that you are protected by the law. The Real Estate Brokerage Act and various other organizations regulate the real estate agent profession so that consumers can expect fair and competent services. So, you know that you&#8217;ll be served by a highly qualified and well-trained professional. Real Estate [&hellip;]<\/p>\n","protected":false},"author":1,"featured_media":0,"parent":15,"menu_order":0,"comment_status":"open","ping_status":"closed","template":"","meta":{"_acf_changed":false,"footnotes":""},"class_list":["post-129","page","type-page","status-publish","hentry"],"acf":[],"yoast_head":"<!-- This site is optimized with the Yoast SEO plugin v26.7 - https:\/\/yoast.com\/wordpress\/plugins\/seo\/ -->\n<title>Avec un courtier immobilier, vous \u00eates bien prot\u00e9g\u00e9!Protection You Can Count On! - Mario Lefebvre<\/title>\n<meta name=\"robots\" content=\"index, follow, max-snippet:-1, max-image-preview:large, max-video-preview:-1\" \/>\n<link rel=\"canonical\" href=\"https:\/\/contactimmobilier.ca\/vendre-2\/avec-un-courtier-immobilier-vous-etes-bien-protege\/\" \/>\n<meta property=\"og:locale\" content=\"en_US\" \/>\n<meta property=\"og:type\" content=\"article\" \/>\n<meta property=\"og:title\" content=\"Avec un courtier immobilier, vous \u00eates bien prot\u00e9g\u00e9!Protection You Can Count On! - Mario Lefebvre\" \/>\n<meta property=\"og:description\" content=\"Doing business with a real estate agent means that you are protected by the law. The Real Estate Brokerage Act and various other organizations regulate the real estate agent profession so that consumers can expect fair and competent services. So, you know that you&#8217;ll be served by a highly qualified and well-trained professional. Real Estate [&hellip;]\" \/>\n<meta property=\"og:url\" content=\"https:\/\/contactimmobilier.ca\/vendre-2\/avec-un-courtier-immobilier-vous-etes-bien-protege\/\" \/>\n<meta property=\"og:site_name\" content=\"Mario Lefebvre\" \/>\n<meta property=\"article:publisher\" content=\"https:\/\/www.facebook.com\/louisrenaudimmobilier\/\" \/>\n<meta property=\"article:modified_time\" content=\"2012-10-23T19:47:36+00:00\" \/>\n<meta property=\"og:image\" content=\"https:\/\/contactimmobilier.ca\/files\/2024\/01\/header_kamelo2021.jpg\" \/>\n<meta name=\"twitter:card\" content=\"summary_large_image\" \/>\n<meta name=\"twitter:image\" content=\"https:\/\/contactimmobilier.ca\/files\/2024\/01\/header_kamelo2021.jpg\" \/>\n<meta name=\"twitter:label1\" content=\"Est. reading time\" \/>\n\t<meta name=\"twitter:data1\" content=\"3 minutes\" \/>\n<script type=\"application\/ld+json\" class=\"yoast-schema-graph\">{\"@context\":\"https:\/\/schema.org\",\"@graph\":[{\"@type\":\"WebPage\",\"@id\":\"https:\/\/contactimmobilier.ca\/vendre-2\/avec-un-courtier-immobilier-vous-etes-bien-protege\/\",\"url\":\"https:\/\/contactimmobilier.ca\/vendre-2\/avec-un-courtier-immobilier-vous-etes-bien-protege\/\",\"name\":\"Avec un courtier immobilier, vous \u00eates bien prot\u00e9g\u00e9!Protection You Can Count On! - Mario Lefebvre\",\"isPartOf\":{\"@id\":\"https:\/\/contactimmobilier.ca\/#website\"},\"datePublished\":\"2012-05-11T19:10:53+00:00\",\"dateModified\":\"2012-10-23T19:47:36+00:00\",\"breadcrumb\":{\"@id\":\"https:\/\/contactimmobilier.ca\/vendre-2\/avec-un-courtier-immobilier-vous-etes-bien-protege\/#breadcrumb\"},\"inLanguage\":\"en-US\",\"potentialAction\":[{\"@type\":\"ReadAction\",\"target\":[\"https:\/\/contactimmobilier.ca\/vendre-2\/avec-un-courtier-immobilier-vous-etes-bien-protege\/\"]}]},{\"@type\":\"BreadcrumbList\",\"@id\":\"https:\/\/contactimmobilier.ca\/vendre-2\/avec-un-courtier-immobilier-vous-etes-bien-protege\/#breadcrumb\",\"itemListElement\":[{\"@type\":\"ListItem\",\"position\":1,\"name\":\"Accueil\",\"item\":\"https:\/\/contactimmobilier.ca\/\"},{\"@type\":\"ListItem\",\"position\":2,\"name\":\"Vendre\",\"item\":\"https:\/\/contactimmobilier.ca\/vendre-2\/\"},{\"@type\":\"ListItem\",\"position\":3,\"name\":\"Avec un courtier immobilier, vous \u00eates bien prot\u00e9g\u00e9!\"}]},{\"@type\":\"WebSite\",\"@id\":\"https:\/\/contactimmobilier.ca\/#website\",\"url\":\"https:\/\/contactimmobilier.ca\/\",\"name\":\"Mario Lefebvre\",\"description\":\"Un site du r\u00e9seau Aliquando\",\"potentialAction\":[{\"@type\":\"SearchAction\",\"target\":{\"@type\":\"EntryPoint\",\"urlTemplate\":\"https:\/\/contactimmobilier.ca\/?s={search_term_string}\"},\"query-input\":{\"@type\":\"PropertyValueSpecification\",\"valueRequired\":true,\"valueName\":\"search_term_string\"}}],\"inLanguage\":\"en-US\"}]}<\/script>\n<!-- \/ Yoast SEO plugin. -->","yoast_head_json":{"title":"Avec un courtier immobilier, vous \u00eates bien prot\u00e9g\u00e9!Protection You Can Count On! - Mario Lefebvre","robots":{"index":"index","follow":"follow","max-snippet":"max-snippet:-1","max-image-preview":"max-image-preview:large","max-video-preview":"max-video-preview:-1"},"canonical":"https:\/\/contactimmobilier.ca\/vendre-2\/avec-un-courtier-immobilier-vous-etes-bien-protege\/","og_locale":"en_US","og_type":"article","og_title":"Avec un courtier immobilier, vous \u00eates bien prot\u00e9g\u00e9!Protection You Can Count On! - Mario Lefebvre","og_description":"Doing business with a real estate agent means that you are protected by the law. The Real Estate Brokerage Act and various other organizations regulate the real estate agent profession so that consumers can expect fair and competent services. So, you know that you&#8217;ll be served by a highly qualified and well-trained professional. Real Estate [&hellip;]","og_url":"https:\/\/contactimmobilier.ca\/vendre-2\/avec-un-courtier-immobilier-vous-etes-bien-protege\/","og_site_name":"Mario Lefebvre","article_publisher":"https:\/\/www.facebook.com\/louisrenaudimmobilier\/","article_modified_time":"2012-10-23T19:47:36+00:00","og_image":[{"url":"https:\/\/contactimmobilier.ca\/files\/2024\/01\/header_kamelo2021.jpg","type":"","width":"","height":""}],"twitter_card":"summary_large_image","twitter_image":"https:\/\/contactimmobilier.ca\/files\/2024\/01\/header_kamelo2021.jpg","twitter_misc":{"Est. reading time":"3 minutes"},"schema":{"@context":"https:\/\/schema.org","@graph":[{"@type":"WebPage","@id":"https:\/\/contactimmobilier.ca\/vendre-2\/avec-un-courtier-immobilier-vous-etes-bien-protege\/","url":"https:\/\/contactimmobilier.ca\/vendre-2\/avec-un-courtier-immobilier-vous-etes-bien-protege\/","name":"Avec un courtier immobilier, vous \u00eates bien prot\u00e9g\u00e9!Protection You Can Count On! - Mario Lefebvre","isPartOf":{"@id":"https:\/\/contactimmobilier.ca\/#website"},"datePublished":"2012-05-11T19:10:53+00:00","dateModified":"2012-10-23T19:47:36+00:00","breadcrumb":{"@id":"https:\/\/contactimmobilier.ca\/vendre-2\/avec-un-courtier-immobilier-vous-etes-bien-protege\/#breadcrumb"},"inLanguage":"en-US","potentialAction":[{"@type":"ReadAction","target":["https:\/\/contactimmobilier.ca\/vendre-2\/avec-un-courtier-immobilier-vous-etes-bien-protege\/"]}]},{"@type":"BreadcrumbList","@id":"https:\/\/contactimmobilier.ca\/vendre-2\/avec-un-courtier-immobilier-vous-etes-bien-protege\/#breadcrumb","itemListElement":[{"@type":"ListItem","position":1,"name":"Accueil","item":"https:\/\/contactimmobilier.ca\/"},{"@type":"ListItem","position":2,"name":"Vendre","item":"https:\/\/contactimmobilier.ca\/vendre-2\/"},{"@type":"ListItem","position":3,"name":"Avec un courtier immobilier, vous \u00eates bien prot\u00e9g\u00e9!"}]},{"@type":"WebSite","@id":"https:\/\/contactimmobilier.ca\/#website","url":"https:\/\/contactimmobilier.ca\/","name":"Mario Lefebvre","description":"Un site du r\u00e9seau Aliquando","potentialAction":[{"@type":"SearchAction","target":{"@type":"EntryPoint","urlTemplate":"https:\/\/contactimmobilier.ca\/?s={search_term_string}"},"query-input":{"@type":"PropertyValueSpecification","valueRequired":true,"valueName":"search_term_string"}}],"inLanguage":"en-US"}]}},"_links":{"self":[{"href":"https:\/\/contactimmobilier.ca\/en\/wp-json\/wp\/v2\/pages\/129","targetHints":{"allow":["GET"]}}],"collection":[{"href":"https:\/\/contactimmobilier.ca\/en\/wp-json\/wp\/v2\/pages"}],"about":[{"href":"https:\/\/contactimmobilier.ca\/en\/wp-json\/wp\/v2\/types\/page"}],"author":[{"embeddable":true,"href":"https:\/\/contactimmobilier.ca\/en\/wp-json\/wp\/v2\/users\/1"}],"replies":[{"embeddable":true,"href":"https:\/\/contactimmobilier.ca\/en\/wp-json\/wp\/v2\/comments?post=129"}],"version-history":[{"count":0,"href":"https:\/\/contactimmobilier.ca\/en\/wp-json\/wp\/v2\/pages\/129\/revisions"}],"up":[{"embeddable":true,"href":"https:\/\/contactimmobilier.ca\/en\/wp-json\/wp\/v2\/pages\/15"}],"wp:attachment":[{"href":"https:\/\/contactimmobilier.ca\/en\/wp-json\/wp\/v2\/media?parent=129"}],"curies":[{"name":"wp","href":"https:\/\/api.w.org\/{rel}","templated":true}]}}